{"id":207,"date":"2016-10-12T18:04:37","date_gmt":"2016-10-12T18:04:37","guid":{"rendered":"http:\/\/demo.mekshq.com\/voice\/?page_id=207"},"modified":"2025-03-04T13:13:43","modified_gmt":"2025-03-04T12:13:43","slug":"home","status":"publish","type":"page","link":"https:\/\/magazin.ikk-suedwest.de\/maerz-2025\/","title":{"rendered":"IKK Online-Magazin"},"content":{"rendered":"\n<h2 class=\"wp-block-heading has-text-color\" id=\"ausgabe-september-2022\" style=\"color:#009fe3\">Ausgabe M\u00e4rz 2025<\/h2>\n\n\n\n<div class=\"wp-block-columns is-layout-flex wp-container-core-columns-is-layout-8f761849 wp-block-columns-is-layout-flex\">\n<div class=\"wp-block-column is-layout-flow wp-block-column-is-layout-flow\" style=\"flex-basis:33.33%\">\n<figure class=\"wp-block-image size-full\"><img loading=\"lazy\" decoding=\"async\" width=\"870\" height=\"886\" src=\"https:\/\/magazin.ikk-suedwest.de\/januar-2025\/wp-content\/uploads\/sites\/13\/2024\/09\/ikk_vorstand_editorial_magazine_886x870px.jpg\" alt=\"\" class=\"wp-image-7931\" srcset=\"https:\/\/magazin.ikk-suedwest.de\/maerz-2025\/wp-content\/uploads\/sites\/13\/2024\/09\/ikk_vorstand_editorial_magazine_886x870px.jpg 870w, https:\/\/magazin.ikk-suedwest.de\/maerz-2025\/wp-content\/uploads\/sites\/13\/2024\/09\/ikk_vorstand_editorial_magazine_886x870px-295x300.jpg 295w, https:\/\/magazin.ikk-suedwest.de\/maerz-2025\/wp-content\/uploads\/sites\/13\/2024\/09\/ikk_vorstand_editorial_magazine_886x870px-768x782.jpg 768w, https:\/\/magazin.ikk-suedwest.de\/maerz-2025\/wp-content\/uploads\/sites\/13\/2024\/09\/ikk_vorstand_editorial_magazine_886x870px-370x377.jpg 370w, https:\/\/magazin.ikk-suedwest.de\/maerz-2025\/wp-content\/uploads\/sites\/13\/2024\/09\/ikk_vorstand_editorial_magazine_886x870px-270x275.jpg 270w, https:\/\/magazin.ikk-suedwest.de\/maerz-2025\/wp-content\/uploads\/sites\/13\/2024\/09\/ikk_vorstand_editorial_magazine_886x870px-570x580.jpg 570w, https:\/\/magazin.ikk-suedwest.de\/maerz-2025\/wp-content\/uploads\/sites\/13\/2024\/09\/ikk_vorstand_editorial_magazine_886x870px-491x500.jpg 491w, https:\/\/magazin.ikk-suedwest.de\/maerz-2025\/wp-content\/uploads\/sites\/13\/2024\/09\/ikk_vorstand_editorial_magazine_886x870px-740x754.jpg 740w\" sizes=\"auto, (max-width: 870px) 100vw, 870px\" \/><\/figure>\n<\/div>\n\n\n\n<div class=\"wp-block-column is-layout-flow wp-block-column-is-layout-flow\" style=\"flex-basis:66.66%\">\n<p class=\"wp-block-paragraph\">Liebe Leserinnen und Leser, <\/p>\n\n\n\n<p class=\"no-ext-link has-gridlove-txt-color has-text-color has-link-color wp-elements-7dcccac445296072333dcd704045ed5c wp-block-paragraph\">wir befinden uns ohne Zweifel in aufregenden Zeiten. Die Neuwahlen zum Deutschen Bundestag liegen erst etwas mehr als eine Woche zur\u00fcck, erste Sondierungsgespr\u00e4che laufen bereits. Wie auch Sie sind wir gespannt, wie unsere neue Regierung aussehen wird. Gleicherma\u00dfen betrachten wir mit Sorge, wie sich die weltpolitische Ordnung geradezu in atemberaubendem Tempo ver\u00e4ndert.<\/p>\n\n\n\n<p class=\"has-gridlove-txt-color has-text-color has-link-color wp-elements-9ad5532a465d6edd56aed1623819ca63 wp-block-paragraph\">Eines ist aber bereits jetzt klar: Eine der dringendsten Aufgaben der kommenden Legislaturperiode wird es sein, das deutsche Gesundheitssystem fit fu\u0308r die Zukunft zu machen. Dazu muss sich die kommende Bundesregierung zu\u0308gig dem schon lange bestehenden Kostenproblem der Gesetzlichen Krankenversicherung und der Pflegeversicherung widmen. Unsere Forderungen fu\u0308r die gerechte und nachhaltige Finanzierung einer hochwertigen Gesundheitsversorgung lesen Sie <a href=\"https:\/\/magazin.ikk-suedwest.de\/maerz-2025\/der-ball-liegt-bei-der-politik\/\" target=\"_blank\" rel=\"noreferrer noopener\"><em><mark style=\"background-color:rgba(0, 0, 0, 0)\" class=\"has-inline-color has-gridlove-acc-color\">hier<\/mark><\/em><\/a>.<\/p>\n\n\n\n<p class=\"has-gridlove-txt-color has-text-color has-link-color wp-elements-3b09cb303cd45509ecceeb488f823d73 wp-block-paragraph\">Umso mehr freut es uns, dass der Bundestag in der \u00dcbergangszeit den <a href=\"https:\/\/magazin.ikk-suedwest.de\/maerz-2025\/ein-starkes-zeichender-solidaritaet\/\" target=\"_blank\" rel=\"noreferrer noopener\"><em><mark style=\"background-color:rgba(0, 0, 0, 0)\" class=\"has-inline-color has-gridlove-acc-color\">gestaffelten Mutterschutz nach Fehlgeburten<\/mark><\/em><\/a> beschlossen hat. So wird ein dringend notwendiger Schutzraum eingefu\u0308hrt, was wir bereits seit Jahren zusammen mit verschiedenen Organisationen fordern.<\/p>\n\n\n\n<p class=\"no-ext-link has-gridlove-txt-color has-text-color has-link-color wp-elements-5f9111d07908f7af2acd294bb355bae9 wp-block-paragraph\">Zudem erwarten Sie viele weitere interessante Themen in unserem Magazin. So konnten wir den deutschen Skateboard-Pionier Titus Dittmann f\u00fcr ein <em><a href=\"https:\/\/magazin.ikk-suedwest.de\/maerz-2025\/skateboarding-das-ist-selbstbestimmung-pur\/\" target=\"_blank\" rel=\"noreferrer noopener\"><mark style=\"background-color:rgba(0, 0, 0, 0)\" class=\"has-inline-color has-gridlove-acc-color\">Interview zum Thema ADHS<\/mark><\/a> <\/em>gewinnen. Au\u00dferdem berichtet der saarl\u00e4ndische Astronaut <em><a href=\"https:\/\/magazin.ikk-suedwest.de\/maerz-2025\/aufgeben-ist-keine-option\/\" target=\"_blank\" rel=\"noreferrer noopener\"><mark style=\"background-color:rgba(0, 0, 0, 0)\" class=\"has-inline-color has-gridlove-acc-color\">Matthias Maurer<\/mark><\/a><\/em> von seinem eindrucksvollen Weltraumabenteuer.\u00a0<\/p>\n\n\n\n<p class=\"no-ext-link wp-block-paragraph\">Wir w\u00fcnschen Ihnen viel Spa\u00df beim Lesen.&nbsp;<\/p>\n\n\n\n<p class=\"no-ext-link wp-block-paragraph\">Herzlichst,<br>Prof. Dr. J\u00f6rg Loth und Daniel Schilling<\/p>\n<\/div>\n<\/div>\n","protected":false},"excerpt":{"rendered":"<p>Ausgabe M\u00e4rz 2025 Liebe Leserinnen und Leser, wir befinden uns ohne Zweifel in aufregenden Zeiten. Die Neuwahlen zum Deutschen Bundestag liegen erst etwas mehr als eine Woche zur\u00fcck, erste Sondierungsgespr\u00e4che laufen bereits. Wie auch Sie sind wir gespannt, wie unsere neue Regierung aussehen wird. Gleicherma\u00dfen betrachten wir mit Sorge, wie sich die weltpolitische Ordnung geradezu [&hellip;]<\/p>\n","protected":false},"author":1,"featured_media":8393,"parent":0,"menu_order":0,"comment_status":"open","ping_status":"open","template":"template-modules.php","meta":{"_acf_changed":false,"_crdt_document":"","favoriteCount":0,"footnotes":""},"class_list":["post-207","page","type-page","status-publish","has-post-thumbnail","hentry"],"acf":[],"yoast_head":"<!-- This site is optimized with the Yoast SEO plugin v27.4 - https:\/\/yoast.com\/product\/yoast-seo-wordpress\/ -->\n<title>IKK Online-Magazin - M\u00e4rz 2025<\/title>\n<meta name=\"robots\" content=\"noindex, follow, max-snippet:-1, max-image-preview:large, max-video-preview:-1\" \/>\n<meta property=\"og:locale\" content=\"de_DE\" \/>\n<meta property=\"og:type\" content=\"article\" \/>\n<meta property=\"og:title\" content=\"IKK Online-Magazin - M\u00e4rz 2025\" \/>\n<meta property=\"og:description\" content=\"Ausgabe M\u00e4rz 2025 Liebe Leserinnen und Leser, wir befinden uns ohne Zweifel in aufregenden Zeiten. Die Neuwahlen zum Deutschen Bundestag liegen erst etwas mehr als eine Woche zur\u00fcck, erste Sondierungsgespr\u00e4che laufen bereits. Wie auch Sie sind wir gespannt, wie unsere neue Regierung aussehen wird. Gleicherma\u00dfen betrachten wir mit Sorge, wie sich die weltpolitische Ordnung geradezu [&hellip;]\" \/>\n<meta property=\"og:url\" content=\"https:\/\/magazin.ikk-suedwest.de\/maerz-2025\/\" \/>\n<meta property=\"og:site_name\" content=\"M\u00e4rz 2025\" \/>\n<meta property=\"article:modified_time\" content=\"2025-03-04T12:13:43+00:00\" \/>\n<meta property=\"og:image\" content=\"https:\/\/magazin.ikk-suedwest.de\/maerz-2025\/wp-content\/uploads\/sites\/13\/2025\/02\/ikk_onlinemagazin_titel_2501_1500x768px_rgb_cae.jpg\" \/>\n\t<meta property=\"og:image:width\" content=\"1500\" \/>\n\t<meta property=\"og:image:height\" content=\"768\" \/>\n\t<meta property=\"og:image:type\" content=\"image\/jpeg\" \/>\n<meta name=\"twitter:card\" content=\"summary_large_image\" \/>\n<meta name=\"twitter:label1\" content=\"Gesch\u00e4tzte Lesezeit\" \/>\n\t<meta name=\"twitter:data1\" content=\"2\u00a0Minuten\" \/>\n<script type=\"application\/ld+json\" class=\"yoast-schema-graph\">{\"@context\":\"https:\\\/\\\/schema.org\",\"@graph\":[{\"@type\":\"WebPage\",\"@id\":\"https:\\\/\\\/magazin.ikk-suedwest.de\\\/maerz-2025\\\/\",\"url\":\"https:\\\/\\\/magazin.ikk-suedwest.de\\\/maerz-2025\\\/\",\"name\":\"IKK Online-Magazin - M\u00e4rz 2025\",\"isPartOf\":{\"@id\":\"https:\\\/\\\/magazin.ikk-suedwest.de\\\/maerz-2025\\\/#website\"},\"primaryImageOfPage\":{\"@id\":\"https:\\\/\\\/magazin.ikk-suedwest.de\\\/maerz-2025\\\/#primaryimage\"},\"image\":{\"@id\":\"https:\\\/\\\/magazin.ikk-suedwest.de\\\/maerz-2025\\\/#primaryimage\"},\"thumbnailUrl\":\"https:\\\/\\\/magazin.ikk-suedwest.de\\\/maerz-2025\\\/wp-content\\\/uploads\\\/sites\\\/13\\\/2025\\\/02\\\/ikk_onlinemagazin_titel_2501_1500x768px_rgb_cae.jpg\",\"datePublished\":\"2016-10-12T18:04:37+00:00\",\"dateModified\":\"2025-03-04T12:13:43+00:00\",\"breadcrumb\":{\"@id\":\"https:\\\/\\\/magazin.ikk-suedwest.de\\\/maerz-2025\\\/#breadcrumb\"},\"inLanguage\":\"de\",\"potentialAction\":[{\"@type\":\"ReadAction\",\"target\":[\"https:\\\/\\\/magazin.ikk-suedwest.de\\\/maerz-2025\\\/\"]}]},{\"@type\":\"ImageObject\",\"inLanguage\":\"de\",\"@id\":\"https:\\\/\\\/magazin.ikk-suedwest.de\\\/maerz-2025\\\/#primaryimage\",\"url\":\"https:\\\/\\\/magazin.ikk-suedwest.de\\\/maerz-2025\\\/wp-content\\\/uploads\\\/sites\\\/13\\\/2025\\\/02\\\/ikk_onlinemagazin_titel_2501_1500x768px_rgb_cae.jpg\",\"contentUrl\":\"https:\\\/\\\/magazin.ikk-suedwest.de\\\/maerz-2025\\\/wp-content\\\/uploads\\\/sites\\\/13\\\/2025\\\/02\\\/ikk_onlinemagazin_titel_2501_1500x768px_rgb_cae.jpg\",\"width\":1500,\"height\":768},{\"@type\":\"BreadcrumbList\",\"@id\":\"https:\\\/\\\/magazin.ikk-suedwest.de\\\/maerz-2025\\\/#breadcrumb\",\"itemListElement\":[{\"@type\":\"ListItem\",\"position\":1,\"name\":\"Startseite\",\"item\":\"https:\\\/\\\/magazin.ikk-suedwest.de\\\/maerz-2025\\\/\"},{\"@type\":\"ListItem\",\"position\":2,\"name\":\"IKK Online-Magazin\"}]},{\"@type\":\"WebSite\",\"@id\":\"https:\\\/\\\/magazin.ikk-suedwest.de\\\/maerz-2025\\\/#website\",\"url\":\"https:\\\/\\\/magazin.ikk-suedwest.de\\\/maerz-2025\\\/\",\"name\":\"M\u00e4rz 2025\",\"description\":\"Eine weitere IKK Magazin Ausgaben Website\",\"potentialAction\":[{\"@type\":\"SearchAction\",\"target\":{\"@type\":\"EntryPoint\",\"urlTemplate\":\"https:\\\/\\\/magazin.ikk-suedwest.de\\\/maerz-2025\\\/?s={search_term_string}\"},\"query-input\":{\"@type\":\"PropertyValueSpecification\",\"valueRequired\":true,\"valueName\":\"search_term_string\"}}],\"inLanguage\":\"de\"}]}<\/script>\n<!-- \/ Yoast SEO plugin. -->","yoast_head_json":{"title":"IKK Online-Magazin - M\u00e4rz 2025","robots":{"index":"noindex","follow":"follow","max-snippet":"max-snippet:-1","max-image-preview":"max-image-preview:large","max-video-preview":"max-video-preview:-1"},"og_locale":"de_DE","og_type":"article","og_title":"IKK Online-Magazin - M\u00e4rz 2025","og_description":"Ausgabe M\u00e4rz 2025 Liebe Leserinnen und Leser, wir befinden uns ohne Zweifel in aufregenden Zeiten. Die Neuwahlen zum Deutschen Bundestag liegen erst etwas mehr als eine Woche zur\u00fcck, erste Sondierungsgespr\u00e4che laufen bereits. Wie auch Sie sind wir gespannt, wie unsere neue Regierung aussehen wird. Gleicherma\u00dfen betrachten wir mit Sorge, wie sich die weltpolitische Ordnung geradezu [&hellip;]","og_url":"https:\/\/magazin.ikk-suedwest.de\/maerz-2025\/","og_site_name":"M\u00e4rz 2025","article_modified_time":"2025-03-04T12:13:43+00:00","og_image":[{"width":1500,"height":768,"url":"https:\/\/magazin.ikk-suedwest.de\/maerz-2025\/wp-content\/uploads\/sites\/13\/2025\/02\/ikk_onlinemagazin_titel_2501_1500x768px_rgb_cae.jpg","type":"image\/jpeg"}],"twitter_card":"summary_large_image","twitter_misc":{"Gesch\u00e4tzte Lesezeit":"2\u00a0Minuten"},"schema":{"@context":"https:\/\/schema.org","@graph":[{"@type":"WebPage","@id":"https:\/\/magazin.ikk-suedwest.de\/maerz-2025\/","url":"https:\/\/magazin.ikk-suedwest.de\/maerz-2025\/","name":"IKK Online-Magazin - M\u00e4rz 2025","isPartOf":{"@id":"https:\/\/magazin.ikk-suedwest.de\/maerz-2025\/#website"},"primaryImageOfPage":{"@id":"https:\/\/magazin.ikk-suedwest.de\/maerz-2025\/#primaryimage"},"image":{"@id":"https:\/\/magazin.ikk-suedwest.de\/maerz-2025\/#primaryimage"},"thumbnailUrl":"https:\/\/magazin.ikk-suedwest.de\/maerz-2025\/wp-content\/uploads\/sites\/13\/2025\/02\/ikk_onlinemagazin_titel_2501_1500x768px_rgb_cae.jpg","datePublished":"2016-10-12T18:04:37+00:00","dateModified":"2025-03-04T12:13:43+00:00","breadcrumb":{"@id":"https:\/\/magazin.ikk-suedwest.de\/maerz-2025\/#breadcrumb"},"inLanguage":"de","potentialAction":[{"@type":"ReadAction","target":["https:\/\/magazin.ikk-suedwest.de\/maerz-2025\/"]}]},{"@type":"ImageObject","inLanguage":"de","@id":"https:\/\/magazin.ikk-suedwest.de\/maerz-2025\/#primaryimage","url":"https:\/\/magazin.ikk-suedwest.de\/maerz-2025\/wp-content\/uploads\/sites\/13\/2025\/02\/ikk_onlinemagazin_titel_2501_1500x768px_rgb_cae.jpg","contentUrl":"https:\/\/magazin.ikk-suedwest.de\/maerz-2025\/wp-content\/uploads\/sites\/13\/2025\/02\/ikk_onlinemagazin_titel_2501_1500x768px_rgb_cae.jpg","width":1500,"height":768},{"@type":"BreadcrumbList","@id":"https:\/\/magazin.ikk-suedwest.de\/maerz-2025\/#breadcrumb","itemListElement":[{"@type":"ListItem","position":1,"name":"Startseite","item":"https:\/\/magazin.ikk-suedwest.de\/maerz-2025\/"},{"@type":"ListItem","position":2,"name":"IKK Online-Magazin"}]},{"@type":"WebSite","@id":"https:\/\/magazin.ikk-suedwest.de\/maerz-2025\/#website","url":"https:\/\/magazin.ikk-suedwest.de\/maerz-2025\/","name":"M\u00e4rz 2025","description":"Eine weitere IKK Magazin Ausgaben Website","potentialAction":[{"@type":"SearchAction","target":{"@type":"EntryPoint","urlTemplate":"https:\/\/magazin.ikk-suedwest.de\/maerz-2025\/?s={search_term_string}"},"query-input":{"@type":"PropertyValueSpecification","valueRequired":true,"valueName":"search_term_string"}}],"inLanguage":"de"}]}},"_links":{"self":[{"href":"https:\/\/magazin.ikk-suedwest.de\/maerz-2025\/wp-json\/wp\/v2\/pages\/207","targetHints":{"allow":["GET"]}}],"collection":[{"href":"https:\/\/magazin.ikk-suedwest.de\/maerz-2025\/wp-json\/wp\/v2\/pages"}],"about":[{"href":"https:\/\/magazin.ikk-suedwest.de\/maerz-2025\/wp-json\/wp\/v2\/types\/page"}],"author":[{"embeddable":true,"href":"https:\/\/magazin.ikk-suedwest.de\/maerz-2025\/wp-json\/wp\/v2\/users\/1"}],"replies":[{"embeddable":true,"href":"https:\/\/magazin.ikk-suedwest.de\/maerz-2025\/wp-json\/wp\/v2\/comments?post=207"}],"version-history":[{"count":10,"href":"https:\/\/magazin.ikk-suedwest.de\/maerz-2025\/wp-json\/wp\/v2\/pages\/207\/revisions"}],"predecessor-version":[{"id":8767,"href":"https:\/\/magazin.ikk-suedwest.de\/maerz-2025\/wp-json\/wp\/v2\/pages\/207\/revisions\/8767"}],"wp:featuredmedia":[{"embeddable":true,"href":"https:\/\/magazin.ikk-suedwest.de\/maerz-2025\/wp-json\/wp\/v2\/media\/8393"}],"wp:attachment":[{"href":"https:\/\/magazin.ikk-suedwest.de\/maerz-2025\/wp-json\/wp\/v2\/media?parent=207"}],"curies":[{"name":"wp","href":"https:\/\/api.w.org\/{rel}","templated":true}]}}