{"id":207,"date":"2016-10-12T18:04:37","date_gmt":"2016-10-12T18:04:37","guid":{"rendered":"http:\/\/demo.mekshq.com\/voice\/?page_id=207"},"modified":"2022-09-01T15:06:51","modified_gmt":"2022-09-01T13:06:51","slug":"home","status":"publish","type":"page","link":"https:\/\/magazin.ikk-suedwest.de\/september-2022\/","title":{"rendered":"IKK Online-Magazin"},"content":{"rendered":"\n<h2 class=\"has-text-color wp-block-heading\" id=\"ausgabe-september-2022\" style=\"color:#009fe3\">Ausgabe September 2022<\/h2>\n\n\n\n<div class=\"wp-block-columns is-layout-flex wp-container-core-columns-is-layout-8f761849 wp-block-columns-is-layout-flex\">\n<div class=\"wp-block-column is-layout-flow wp-block-column-is-layout-flow\" style=\"flex-basis:33.33%\">\n<figure class=\"wp-block-image size-full\"><img loading=\"lazy\" decoding=\"async\" width=\"886\" height=\"870\" src=\"https:\/\/magazin.ikk-suedwest.de\/september-2022\/wp-content\/uploads\/sites\/7\/2021\/08\/ikk_vorstand_editorial_magazine_886x870.jpg\" alt=\"\" class=\"wp-image-4457\" srcset=\"https:\/\/magazin.ikk-suedwest.de\/september-2022\/wp-content\/uploads\/sites\/7\/2021\/08\/ikk_vorstand_editorial_magazine_886x870.jpg 886w, https:\/\/magazin.ikk-suedwest.de\/september-2022\/wp-content\/uploads\/sites\/7\/2021\/08\/ikk_vorstand_editorial_magazine_886x870-300x295.jpg 300w, https:\/\/magazin.ikk-suedwest.de\/september-2022\/wp-content\/uploads\/sites\/7\/2021\/08\/ikk_vorstand_editorial_magazine_886x870-768x754.jpg 768w, https:\/\/magazin.ikk-suedwest.de\/september-2022\/wp-content\/uploads\/sites\/7\/2021\/08\/ikk_vorstand_editorial_magazine_886x870-370x363.jpg 370w, https:\/\/magazin.ikk-suedwest.de\/september-2022\/wp-content\/uploads\/sites\/7\/2021\/08\/ikk_vorstand_editorial_magazine_886x870-270x265.jpg 270w, https:\/\/magazin.ikk-suedwest.de\/september-2022\/wp-content\/uploads\/sites\/7\/2021\/08\/ikk_vorstand_editorial_magazine_886x870-570x560.jpg 570w, https:\/\/magazin.ikk-suedwest.de\/september-2022\/wp-content\/uploads\/sites\/7\/2021\/08\/ikk_vorstand_editorial_magazine_886x870-509x500.jpg 509w, https:\/\/magazin.ikk-suedwest.de\/september-2022\/wp-content\/uploads\/sites\/7\/2021\/08\/ikk_vorstand_editorial_magazine_886x870-740x727.jpg 740w\" sizes=\"auto, (max-width: 886px) 100vw, 886px\" \/><\/figure>\n<\/div>\n\n\n\n<div class=\"wp-block-column is-layout-flow wp-block-column-is-layout-flow\" style=\"flex-basis:66.66%\">\n<p class=\"wp-block-paragraph\">Liebe Leserinnen und Leser, <\/p>\n\n\n\n<p class=\"wp-block-paragraph\">f\u00fcr das Jahr 2023 wird in der gesetzlichen Krankenversicherung (GKV) aktuell von einem Rekorddefizit von mindestens 17 Mrd. Euro ausgegangen. Wir erwarten politische L\u00f6sungen, um die Finanzen der GKV f\u00fcr die kommenden Jahre nachhaltig zu stabilisieren. Die jetzt beschlossenen Ma\u00dfnahmen lassen viele Erwartungen offen und sind in dieser Form nicht hinnehmbar. Der Gesundheitsminister erweckt den Eindruck einer Schein-Stabilisierung, die aber vielmehr wieder nur eine kurzfristige \u00dcberbr\u00fcckungshilfe sein wird und durch h\u00f6here Zusatzbeitr\u00e4ge leider auf den Schultern von Versicherten und Betrieben sowie der Wirtschaft ausgetragen wird. Wir h\u00e4tten uns an vielen Stellen, etwa bei den Preisen f\u00fcr Arzneimittel, eine st\u00e4rkere \u00dcbernahme politischer Verantwortung erhofft \u2013 darum fordern wir deutliche Nachbesserungen. Auch unsere Verwaltungsratsvorsitzenden haben sich mit dem Thema auseinandergesetzt und verdeutlichen ihre Positionen in unserem <a href=\"https:\/\/magazin.ikk-suedwest.de\/september-2022\/enttauschender-entwurf-der-bundesregierung\/\"><span style=\"color: #009de9\">Artikel<\/span><\/a>.<br><br>Dar\u00fcber hinaus finden Sie in unserem Magazin auch weiteren interessanten Lesestoff. In unserer Ratgeberrubik <a href=\"https:\/\/magazin.ikk-suedwest.de\/september-2022\/gewusst-wie-was-tun-wenn-ein-angehoriger-pflegebedurftig-wird\/\"><span style=\"color: #009de9\">\u201eGewusst, wie\u201c<\/span><\/a> geht es diesmal darum, was Sie tun k\u00f6nnen, wenn ein Angeh\u00f6riger pflegebed\u00fcrftig wird. Unsere Expertentipps sowie einen \u00dcberblick \u00fcber die kostenfreien Online-Vortr\u00e4ge, mit denen wir Pflegebed\u00fcrftige und deren Angeh\u00f6rige unterst\u00fctzen, finden Sie auch in diesem <a href=\"https:\/\/magazin.ikk-suedwest.de\/september-2022\/guter-rat-muss-nicht-teuer-sein\/\"><span style=\"color: #009de9\">Artikel<\/span><\/a>.<br><br>Wir freuen uns au\u00dferdem, \u00fcber die Stiftung \u201eHumor Hilft Heilen\u201c von Dr. Eckart von Hirschhausen berichten zu k\u00f6nnen. Wie Klinikclowns daf\u00fcr sorgen, dass kranke Menschen nicht nur mehr lachen, sondern auch ges\u00fcnder werden, erfahren Sie in diesem <a href=\"https:\/\/magazin.ikk-suedwest.de\/september-2022\/lachen-ist-die-beste-medizin\/\"><span style=\"color: #009de9\">Artikel<\/span><\/a>.<br><br>Und nun w\u00fcnschen wir Ihnen viel Spa\u00df beim Lesen. Herzlichst,<\/p>\n\n\n\n<p class=\"wp-block-paragraph\">Prof. Dr. J\u00f6rg Loth und Daniel Schilling<\/p>\n<\/div>\n<\/div>\n","protected":false},"excerpt":{"rendered":"<p>Ausgabe September 2022 Liebe Leserinnen und Leser, f\u00fcr das Jahr 2023 wird in der gesetzlichen Krankenversicherung (GKV) aktuell von einem Rekorddefizit von mindestens 17 Mrd. Euro ausgegangen. Wir erwarten politische L\u00f6sungen, um die Finanzen der GKV f\u00fcr die kommenden Jahre nachhaltig zu stabilisieren. Die jetzt beschlossenen Ma\u00dfnahmen lassen viele Erwartungen offen und sind in dieser [&hellip;]<\/p>\n","protected":false},"author":1,"featured_media":0,"parent":0,"menu_order":0,"comment_status":"open","ping_status":"open","template":"template-modules.php","meta":{"_acf_changed":false,"_crdt_document":"","favoriteCount":0,"footnotes":""},"class_list":["post-207","page","type-page","status-publish","hentry"],"acf":[],"yoast_head":"<!-- This site is optimized with the Yoast SEO plugin v27.4 - https:\/\/yoast.com\/product\/yoast-seo-wordpress\/ -->\n<title>IKK Online-Magazin - September 2022<\/title>\n<meta name=\"robots\" content=\"noindex, follow, max-snippet:-1, max-image-preview:large, max-video-preview:-1\" \/>\n<meta property=\"og:locale\" content=\"de_DE\" \/>\n<meta property=\"og:type\" content=\"article\" \/>\n<meta property=\"og:title\" content=\"IKK Online-Magazin - September 2022\" \/>\n<meta property=\"og:description\" content=\"Ausgabe September 2022 Liebe Leserinnen und Leser, f\u00fcr das Jahr 2023 wird in der gesetzlichen Krankenversicherung (GKV) aktuell von einem Rekorddefizit von mindestens 17 Mrd. Euro ausgegangen. Wir erwarten politische L\u00f6sungen, um die Finanzen der GKV f\u00fcr die kommenden Jahre nachhaltig zu stabilisieren. Die jetzt beschlossenen Ma\u00dfnahmen lassen viele Erwartungen offen und sind in dieser [&hellip;]\" \/>\n<meta property=\"og:url\" content=\"https:\/\/magazin.ikk-suedwest.de\/september-2022\/\" \/>\n<meta property=\"og:site_name\" content=\"September 2022\" \/>\n<meta property=\"article:modified_time\" content=\"2022-09-01T13:06:51+00:00\" \/>\n<meta property=\"og:image\" content=\"https:\/\/magazin.ikk-suedwest.de\/september-2022\/wp-content\/uploads\/sites\/7\/2021\/08\/ikk_vorstand_editorial_magazine_886x870.jpg\" \/>\n<meta name=\"twitter:card\" content=\"summary_large_image\" \/>\n<meta name=\"twitter:label1\" content=\"Gesch\u00e4tzte Lesezeit\" \/>\n\t<meta name=\"twitter:data1\" content=\"2\u00a0Minuten\" \/>\n<script type=\"application\/ld+json\" class=\"yoast-schema-graph\">{\"@context\":\"https:\\\/\\\/schema.org\",\"@graph\":[{\"@type\":\"WebPage\",\"@id\":\"https:\\\/\\\/magazin.ikk-suedwest.de\\\/september-2022\\\/\",\"url\":\"https:\\\/\\\/magazin.ikk-suedwest.de\\\/september-2022\\\/\",\"name\":\"IKK Online-Magazin - September 2022\",\"isPartOf\":{\"@id\":\"https:\\\/\\\/magazin.ikk-suedwest.de\\\/september-2022\\\/#website\"},\"primaryImageOfPage\":{\"@id\":\"https:\\\/\\\/magazin.ikk-suedwest.de\\\/september-2022\\\/#primaryimage\"},\"image\":{\"@id\":\"https:\\\/\\\/magazin.ikk-suedwest.de\\\/september-2022\\\/#primaryimage\"},\"thumbnailUrl\":\"https:\\\/\\\/magazin.ikk-suedwest.de\\\/september-2022\\\/wp-content\\\/uploads\\\/sites\\\/7\\\/2021\\\/08\\\/ikk_vorstand_editorial_magazine_886x870.jpg\",\"datePublished\":\"2016-10-12T18:04:37+00:00\",\"dateModified\":\"2022-09-01T13:06:51+00:00\",\"breadcrumb\":{\"@id\":\"https:\\\/\\\/magazin.ikk-suedwest.de\\\/september-2022\\\/#breadcrumb\"},\"inLanguage\":\"de\",\"potentialAction\":[{\"@type\":\"ReadAction\",\"target\":[\"https:\\\/\\\/magazin.ikk-suedwest.de\\\/september-2022\\\/\"]}]},{\"@type\":\"ImageObject\",\"inLanguage\":\"de\",\"@id\":\"https:\\\/\\\/magazin.ikk-suedwest.de\\\/september-2022\\\/#primaryimage\",\"url\":\"https:\\\/\\\/magazin.ikk-suedwest.de\\\/september-2022\\\/wp-content\\\/uploads\\\/sites\\\/7\\\/2021\\\/08\\\/ikk_vorstand_editorial_magazine_886x870.jpg\",\"contentUrl\":\"https:\\\/\\\/magazin.ikk-suedwest.de\\\/september-2022\\\/wp-content\\\/uploads\\\/sites\\\/7\\\/2021\\\/08\\\/ikk_vorstand_editorial_magazine_886x870.jpg\",\"width\":886,\"height\":870},{\"@type\":\"BreadcrumbList\",\"@id\":\"https:\\\/\\\/magazin.ikk-suedwest.de\\\/september-2022\\\/#breadcrumb\",\"itemListElement\":[{\"@type\":\"ListItem\",\"position\":1,\"name\":\"Startseite\",\"item\":\"https:\\\/\\\/magazin.ikk-suedwest.de\\\/september-2022\\\/\"},{\"@type\":\"ListItem\",\"position\":2,\"name\":\"IKK Online-Magazin\"}]},{\"@type\":\"WebSite\",\"@id\":\"https:\\\/\\\/magazin.ikk-suedwest.de\\\/september-2022\\\/#website\",\"url\":\"https:\\\/\\\/magazin.ikk-suedwest.de\\\/september-2022\\\/\",\"name\":\"September 2022\",\"description\":\"Eine weitere IKK Magazin Ausgaben Website\",\"potentialAction\":[{\"@type\":\"SearchAction\",\"target\":{\"@type\":\"EntryPoint\",\"urlTemplate\":\"https:\\\/\\\/magazin.ikk-suedwest.de\\\/september-2022\\\/?s={search_term_string}\"},\"query-input\":{\"@type\":\"PropertyValueSpecification\",\"valueRequired\":true,\"valueName\":\"search_term_string\"}}],\"inLanguage\":\"de\"}]}<\/script>\n<!-- \/ Yoast SEO plugin. -->","yoast_head_json":{"title":"IKK Online-Magazin - September 2022","robots":{"index":"noindex","follow":"follow","max-snippet":"max-snippet:-1","max-image-preview":"max-image-preview:large","max-video-preview":"max-video-preview:-1"},"og_locale":"de_DE","og_type":"article","og_title":"IKK Online-Magazin - September 2022","og_description":"Ausgabe September 2022 Liebe Leserinnen und Leser, f\u00fcr das Jahr 2023 wird in der gesetzlichen Krankenversicherung (GKV) aktuell von einem Rekorddefizit von mindestens 17 Mrd. Euro ausgegangen. Wir erwarten politische L\u00f6sungen, um die Finanzen der GKV f\u00fcr die kommenden Jahre nachhaltig zu stabilisieren. Die jetzt beschlossenen Ma\u00dfnahmen lassen viele Erwartungen offen und sind in dieser [&hellip;]","og_url":"https:\/\/magazin.ikk-suedwest.de\/september-2022\/","og_site_name":"September 2022","article_modified_time":"2022-09-01T13:06:51+00:00","og_image":[{"url":"https:\/\/magazin.ikk-suedwest.de\/september-2022\/wp-content\/uploads\/sites\/7\/2021\/08\/ikk_vorstand_editorial_magazine_886x870.jpg","type":"","width":"","height":""}],"twitter_card":"summary_large_image","twitter_misc":{"Gesch\u00e4tzte Lesezeit":"2\u00a0Minuten"},"schema":{"@context":"https:\/\/schema.org","@graph":[{"@type":"WebPage","@id":"https:\/\/magazin.ikk-suedwest.de\/september-2022\/","url":"https:\/\/magazin.ikk-suedwest.de\/september-2022\/","name":"IKK Online-Magazin - September 2022","isPartOf":{"@id":"https:\/\/magazin.ikk-suedwest.de\/september-2022\/#website"},"primaryImageOfPage":{"@id":"https:\/\/magazin.ikk-suedwest.de\/september-2022\/#primaryimage"},"image":{"@id":"https:\/\/magazin.ikk-suedwest.de\/september-2022\/#primaryimage"},"thumbnailUrl":"https:\/\/magazin.ikk-suedwest.de\/september-2022\/wp-content\/uploads\/sites\/7\/2021\/08\/ikk_vorstand_editorial_magazine_886x870.jpg","datePublished":"2016-10-12T18:04:37+00:00","dateModified":"2022-09-01T13:06:51+00:00","breadcrumb":{"@id":"https:\/\/magazin.ikk-suedwest.de\/september-2022\/#breadcrumb"},"inLanguage":"de","potentialAction":[{"@type":"ReadAction","target":["https:\/\/magazin.ikk-suedwest.de\/september-2022\/"]}]},{"@type":"ImageObject","inLanguage":"de","@id":"https:\/\/magazin.ikk-suedwest.de\/september-2022\/#primaryimage","url":"https:\/\/magazin.ikk-suedwest.de\/september-2022\/wp-content\/uploads\/sites\/7\/2021\/08\/ikk_vorstand_editorial_magazine_886x870.jpg","contentUrl":"https:\/\/magazin.ikk-suedwest.de\/september-2022\/wp-content\/uploads\/sites\/7\/2021\/08\/ikk_vorstand_editorial_magazine_886x870.jpg","width":886,"height":870},{"@type":"BreadcrumbList","@id":"https:\/\/magazin.ikk-suedwest.de\/september-2022\/#breadcrumb","itemListElement":[{"@type":"ListItem","position":1,"name":"Startseite","item":"https:\/\/magazin.ikk-suedwest.de\/september-2022\/"},{"@type":"ListItem","position":2,"name":"IKK Online-Magazin"}]},{"@type":"WebSite","@id":"https:\/\/magazin.ikk-suedwest.de\/september-2022\/#website","url":"https:\/\/magazin.ikk-suedwest.de\/september-2022\/","name":"September 2022","description":"Eine weitere IKK Magazin Ausgaben Website","potentialAction":[{"@type":"SearchAction","target":{"@type":"EntryPoint","urlTemplate":"https:\/\/magazin.ikk-suedwest.de\/september-2022\/?s={search_term_string}"},"query-input":{"@type":"PropertyValueSpecification","valueRequired":true,"valueName":"search_term_string"}}],"inLanguage":"de"}]}},"_links":{"self":[{"href":"https:\/\/magazin.ikk-suedwest.de\/september-2022\/wp-json\/wp\/v2\/pages\/207","targetHints":{"allow":["GET"]}}],"collection":[{"href":"https:\/\/magazin.ikk-suedwest.de\/september-2022\/wp-json\/wp\/v2\/pages"}],"about":[{"href":"https:\/\/magazin.ikk-suedwest.de\/september-2022\/wp-json\/wp\/v2\/types\/page"}],"author":[{"embeddable":true,"href":"https:\/\/magazin.ikk-suedwest.de\/september-2022\/wp-json\/wp\/v2\/users\/1"}],"replies":[{"embeddable":true,"href":"https:\/\/magazin.ikk-suedwest.de\/september-2022\/wp-json\/wp\/v2\/comments?post=207"}],"version-history":[{"count":10,"href":"https:\/\/magazin.ikk-suedwest.de\/september-2022\/wp-json\/wp\/v2\/pages\/207\/revisions"}],"predecessor-version":[{"id":5778,"href":"https:\/\/magazin.ikk-suedwest.de\/september-2022\/wp-json\/wp\/v2\/pages\/207\/revisions\/5778"}],"wp:attachment":[{"href":"https:\/\/magazin.ikk-suedwest.de\/september-2022\/wp-json\/wp\/v2\/media?parent=207"}],"curies":[{"name":"wp","href":"https:\/\/api.w.org\/{rel}","templated":true}]}}