{"id":3374,"date":"2021-06-15T15:11:57","date_gmt":"2021-06-15T13:11:57","guid":{"rendered":"https:\/\/magazin.ikk-suedwest.de\/februar-2021\/?page_id=3374"},"modified":"2024-09-17T14:30:16","modified_gmt":"2024-09-17T12:30:16","slug":"redaktion-gender-hinweis","status":"publish","type":"page","link":"https:\/\/magazin.ikk-suedwest.de\/september-2024\/redaktion-gender-hinweis\/","title":{"rendered":"Redaktion\/Gender-Hinweis"},"content":{"rendered":"\n<h1 class=\"wp-block-heading\"><\/h1>\n\n\n\n<p class=\"wp-block-paragraph\"><\/p>\n\n\n\n<h2 class=\"wp-block-heading\" id=\"redaktion-gender-hinweis-fur-mich\"><strong>REDAKTION\/GENDER-HINWEIS <em>f\u00fcr mich<\/em><\/strong><\/h2>\n\n\n\n<p class=\"wp-block-paragraph\">Das Mitgliedermagazin der IKK S\u00fcdwest \u2022 Regelm\u00e4\u00dfige Gesundheitstipps und Service-Informationen der IKK S\u00fcdwest f\u00fcr ihre Kunden <\/p>\n\n\n\n<p class=\"wp-block-paragraph\"><\/p>\n\n\n\n<h2 class=\"wp-block-heading\" id=\"herausgeber\">HERAUSGEBER: <\/h2>\n\n\n\n<p class=\"wp-block-paragraph\">IKK S\u00fcdwest<br>Europaallee 3 \u2013 4<br>66113 Saarbr\u00fccken<\/p>\n\n\n\n<h2 class=\"wp-block-heading\" id=\"verantwortlicher-redakteur\">VERANTWORTLICHER REDAKTEUR:<\/h2>\n\n\n\n<p class=\"wp-block-paragraph\">G\u00fcnter Eller<\/p>\n\n\n\n<h2 class=\"wp-block-heading\" id=\"redaktion\">REDAKTION: <\/h2>\n\n\n\n<p class=\"wp-block-paragraph\">IKK S\u00fcdwest \u2013 Sascha Berardo, Susanne Blum, Mike Dargel, Torsten Nenno&nbsp;\u2022 MALTHA MEDIA<\/p>\n\n\n\n<p class=\"wp-block-paragraph\"><\/p>\n\n\n\n<h2 class=\"wp-block-heading\" id=\"texte\">TEXTE: <\/h2>\n\n\n\n<p class=\"wp-block-paragraph\">IKK S\u00fcdwest<\/p>\n\n\n\n<p class=\"wp-block-paragraph\">MALTHA MEDIA | Sylvio Maltha<br>H\u00f6lzerbachstra\u00dfe 30\u00a0c<br>66287 Quierschied <br><a href=\"https:\/\/www.malthamedia.de\" target=\"_blank\" rel=\"noreferrer noopener\">www.malthamedia.de<\/a><\/p>\n\n\n\n<p class=\"wp-block-paragraph\"><\/p>\n\n\n\n<h2 class=\"wp-block-heading\" id=\"layout-und-grafik\">LAYOUT UND GRAFIK: <\/h2>\n\n\n\n<p class=\"wp-block-paragraph\">FBO GmbH <\/p>\n\n\n\n<h2 class=\"wp-block-heading\" id=\"kontakt-zur-redaktion\">KONTAKT ZUR REDAKTION: <\/h2>\n\n\n\n<p class=\"wp-block-paragraph\"><a href=\"mailto:redaktion@ikk-sw.de\">redaktion@ikk-sw.de<\/a><\/p>\n\n\n\n<h2 class=\"wp-block-heading\" id=\"hinweis\">HINWEIS:<\/h2>\n\n\n\n<p class=\"wp-block-paragraph\">Trotz sorgf\u00e4ltiger Bearbeitung kann keine Gew\u00e4hr u\u0308bernommen werden. Das Magazin <em>fu\u0308r mich<\/em> wird zur gesundheitlichen Aufkl\u00e4rung und Beratung, zur Gesundheitserziehung sowie zur Aufkl\u00e4rung u\u0308ber die Inanspruchnahme von Ma\u00dfnahmen zur Fru\u0308herkennung von Krankheiten (\u00a7\u00a7 13 ff. SGB I) herausgegeben. Den Mitgliedern der IKK Su\u0308dwest wird die Zeitschrift ohne Erhebung einer besonderen Bezugsgebu\u0308hr zur Verfu\u0308gung gestellt.<\/p>\n\n\n\n<p class=\"wp-block-paragraph\"><\/p>\n\n\n\n<h2 class=\"wp-block-heading\" id=\"gender-hinweis\">GENDER-HINWEIS:<\/h2>\n\n\n\n<p class=\"wp-block-paragraph\"><meta charset=\"utf-8\"><\/meta>Aus Gru\u0308nden der besseren Lesbarkeit wird bei Personenbezeichnungen und personenbezogenen Hauptw\u00f6rtern in der fu\u0308r mich die m\u00e4nnliche Form verwendet. Entsprechende Begriffe gelten im Sinne der Gleichbehandlung grunds\u00e4tzlich fu\u0308r alle Geschlechter. Die verku\u0308rzte Sprachform hat nur redaktionelle Gru\u0308nde und beinhaltet keine Wertung.<\/p>\n","protected":false},"excerpt":{"rendered":"<p>REDAKTION\/GENDER-HINWEIS f\u00fcr mich Das Mitgliedermagazin der IKK S\u00fcdwest \u2022 Regelm\u00e4\u00dfige Gesundheitstipps und Service-Informationen der IKK S\u00fcdwest f\u00fcr ihre Kunden HERAUSGEBER: IKK S\u00fcdwestEuropaallee 3 \u2013 466113 Saarbr\u00fccken VERANTWORTLICHER REDAKTEUR: G\u00fcnter Eller REDAKTION: IKK S\u00fcdwest \u2013 Sascha Berardo, Susanne Blum, Mike Dargel, Torsten Nenno&nbsp;\u2022 MALTHA MEDIA TEXTE: IKK S\u00fcdwest MALTHA MEDIA | Sylvio MalthaH\u00f6lzerbachstra\u00dfe 30\u00a0c66287 Quierschied www.malthamedia.de [&hellip;]<\/p>\n","protected":false},"author":1,"featured_media":0,"parent":0,"menu_order":0,"comment_status":"closed","ping_status":"closed","template":"","meta":{"_acf_changed":false,"_crdt_document":"","favoriteCount":0,"footnotes":""},"class_list":["post-3374","page","type-page","status-publish","hentry"],"acf":[],"yoast_head":"<!-- This site is optimized with the Yoast SEO plugin v27.4 - https:\/\/yoast.com\/product\/yoast-seo-wordpress\/ -->\n<title>Redaktion\/Gender-Hinweis - September 2024<\/title>\n<meta name=\"robots\" content=\"noindex, follow, max-snippet:-1, max-image-preview:large, max-video-preview:-1\" \/>\n<meta property=\"og:locale\" content=\"de_DE\" \/>\n<meta property=\"og:type\" content=\"article\" \/>\n<meta property=\"og:title\" content=\"Redaktion\/Gender-Hinweis - September 2024\" \/>\n<meta property=\"og:description\" content=\"REDAKTION\/GENDER-HINWEIS f\u00fcr mich Das Mitgliedermagazin der IKK S\u00fcdwest \u2022 Regelm\u00e4\u00dfige Gesundheitstipps und Service-Informationen der IKK S\u00fcdwest f\u00fcr ihre Kunden HERAUSGEBER: IKK S\u00fcdwestEuropaallee 3 \u2013 466113 Saarbr\u00fccken VERANTWORTLICHER REDAKTEUR: G\u00fcnter Eller REDAKTION: IKK S\u00fcdwest \u2013 Sascha Berardo, Susanne Blum, Mike Dargel, Torsten Nenno&nbsp;\u2022 MALTHA MEDIA TEXTE: IKK S\u00fcdwest MALTHA MEDIA | Sylvio MalthaH\u00f6lzerbachstra\u00dfe 30\u00a0c66287 Quierschied www.malthamedia.de [&hellip;]\" \/>\n<meta property=\"og:url\" content=\"https:\/\/magazin.ikk-suedwest.de\/september-2024\/redaktion-gender-hinweis\/\" \/>\n<meta property=\"og:site_name\" content=\"September 2024\" \/>\n<meta property=\"article:modified_time\" content=\"2024-09-17T12:30:16+00:00\" \/>\n<meta name=\"twitter:card\" content=\"summary_large_image\" \/>\n<meta name=\"twitter:label1\" content=\"Gesch\u00e4tzte Lesezeit\" \/>\n\t<meta name=\"twitter:data1\" content=\"1\u00a0Minute\" \/>\n<script type=\"application\/ld+json\" class=\"yoast-schema-graph\">{\"@context\":\"https:\\\/\\\/schema.org\",\"@graph\":[{\"@type\":\"WebPage\",\"@id\":\"https:\\\/\\\/magazin.ikk-suedwest.de\\\/september-2024\\\/redaktion-gender-hinweis\\\/\",\"url\":\"https:\\\/\\\/magazin.ikk-suedwest.de\\\/september-2024\\\/redaktion-gender-hinweis\\\/\",\"name\":\"Redaktion\\\/Gender-Hinweis - September 2024\",\"isPartOf\":{\"@id\":\"https:\\\/\\\/magazin.ikk-suedwest.de\\\/september-2024\\\/#website\"},\"datePublished\":\"2021-06-15T13:11:57+00:00\",\"dateModified\":\"2024-09-17T12:30:16+00:00\",\"breadcrumb\":{\"@id\":\"https:\\\/\\\/magazin.ikk-suedwest.de\\\/september-2024\\\/redaktion-gender-hinweis\\\/#breadcrumb\"},\"inLanguage\":\"de\",\"potentialAction\":[{\"@type\":\"ReadAction\",\"target\":[\"https:\\\/\\\/magazin.ikk-suedwest.de\\\/september-2024\\\/redaktion-gender-hinweis\\\/\"]}]},{\"@type\":\"BreadcrumbList\",\"@id\":\"https:\\\/\\\/magazin.ikk-suedwest.de\\\/september-2024\\\/redaktion-gender-hinweis\\\/#breadcrumb\",\"itemListElement\":[{\"@type\":\"ListItem\",\"position\":1,\"name\":\"Startseite\",\"item\":\"https:\\\/\\\/magazin.ikk-suedwest.de\\\/september-2024\\\/\"},{\"@type\":\"ListItem\",\"position\":2,\"name\":\"Redaktion\\\/Gender-Hinweis\"}]},{\"@type\":\"WebSite\",\"@id\":\"https:\\\/\\\/magazin.ikk-suedwest.de\\\/september-2024\\\/#website\",\"url\":\"https:\\\/\\\/magazin.ikk-suedwest.de\\\/september-2024\\\/\",\"name\":\"September 2024\",\"description\":\"Eine weitere IKK Magazin Ausgaben Website\",\"potentialAction\":[{\"@type\":\"SearchAction\",\"target\":{\"@type\":\"EntryPoint\",\"urlTemplate\":\"https:\\\/\\\/magazin.ikk-suedwest.de\\\/september-2024\\\/?s={search_term_string}\"},\"query-input\":{\"@type\":\"PropertyValueSpecification\",\"valueRequired\":true,\"valueName\":\"search_term_string\"}}],\"inLanguage\":\"de\"}]}<\/script>\n<!-- \/ Yoast SEO plugin. -->","yoast_head_json":{"title":"Redaktion\/Gender-Hinweis - September 2024","robots":{"index":"noindex","follow":"follow","max-snippet":"max-snippet:-1","max-image-preview":"max-image-preview:large","max-video-preview":"max-video-preview:-1"},"og_locale":"de_DE","og_type":"article","og_title":"Redaktion\/Gender-Hinweis - September 2024","og_description":"REDAKTION\/GENDER-HINWEIS f\u00fcr mich Das Mitgliedermagazin der IKK S\u00fcdwest \u2022 Regelm\u00e4\u00dfige Gesundheitstipps und Service-Informationen der IKK S\u00fcdwest f\u00fcr ihre Kunden HERAUSGEBER: IKK S\u00fcdwestEuropaallee 3 \u2013 466113 Saarbr\u00fccken VERANTWORTLICHER REDAKTEUR: G\u00fcnter Eller REDAKTION: IKK S\u00fcdwest \u2013 Sascha Berardo, Susanne Blum, Mike Dargel, Torsten Nenno&nbsp;\u2022 MALTHA MEDIA TEXTE: IKK S\u00fcdwest MALTHA MEDIA | Sylvio MalthaH\u00f6lzerbachstra\u00dfe 30\u00a0c66287 Quierschied www.malthamedia.de [&hellip;]","og_url":"https:\/\/magazin.ikk-suedwest.de\/september-2024\/redaktion-gender-hinweis\/","og_site_name":"September 2024","article_modified_time":"2024-09-17T12:30:16+00:00","twitter_card":"summary_large_image","twitter_misc":{"Gesch\u00e4tzte Lesezeit":"1\u00a0Minute"},"schema":{"@context":"https:\/\/schema.org","@graph":[{"@type":"WebPage","@id":"https:\/\/magazin.ikk-suedwest.de\/september-2024\/redaktion-gender-hinweis\/","url":"https:\/\/magazin.ikk-suedwest.de\/september-2024\/redaktion-gender-hinweis\/","name":"Redaktion\/Gender-Hinweis - September 2024","isPartOf":{"@id":"https:\/\/magazin.ikk-suedwest.de\/september-2024\/#website"},"datePublished":"2021-06-15T13:11:57+00:00","dateModified":"2024-09-17T12:30:16+00:00","breadcrumb":{"@id":"https:\/\/magazin.ikk-suedwest.de\/september-2024\/redaktion-gender-hinweis\/#breadcrumb"},"inLanguage":"de","potentialAction":[{"@type":"ReadAction","target":["https:\/\/magazin.ikk-suedwest.de\/september-2024\/redaktion-gender-hinweis\/"]}]},{"@type":"BreadcrumbList","@id":"https:\/\/magazin.ikk-suedwest.de\/september-2024\/redaktion-gender-hinweis\/#breadcrumb","itemListElement":[{"@type":"ListItem","position":1,"name":"Startseite","item":"https:\/\/magazin.ikk-suedwest.de\/september-2024\/"},{"@type":"ListItem","position":2,"name":"Redaktion\/Gender-Hinweis"}]},{"@type":"WebSite","@id":"https:\/\/magazin.ikk-suedwest.de\/september-2024\/#website","url":"https:\/\/magazin.ikk-suedwest.de\/september-2024\/","name":"September 2024","description":"Eine weitere IKK Magazin Ausgaben Website","potentialAction":[{"@type":"SearchAction","target":{"@type":"EntryPoint","urlTemplate":"https:\/\/magazin.ikk-suedwest.de\/september-2024\/?s={search_term_string}"},"query-input":{"@type":"PropertyValueSpecification","valueRequired":true,"valueName":"search_term_string"}}],"inLanguage":"de"}]}},"_links":{"self":[{"href":"https:\/\/magazin.ikk-suedwest.de\/september-2024\/wp-json\/wp\/v2\/pages\/3374","targetHints":{"allow":["GET"]}}],"collection":[{"href":"https:\/\/magazin.ikk-suedwest.de\/september-2024\/wp-json\/wp\/v2\/pages"}],"about":[{"href":"https:\/\/magazin.ikk-suedwest.de\/september-2024\/wp-json\/wp\/v2\/types\/page"}],"author":[{"embeddable":true,"href":"https:\/\/magazin.ikk-suedwest.de\/september-2024\/wp-json\/wp\/v2\/users\/1"}],"replies":[{"embeddable":true,"href":"https:\/\/magazin.ikk-suedwest.de\/september-2024\/wp-json\/wp\/v2\/comments?post=3374"}],"version-history":[{"count":9,"href":"https:\/\/magazin.ikk-suedwest.de\/september-2024\/wp-json\/wp\/v2\/pages\/3374\/revisions"}],"predecessor-version":[{"id":7951,"href":"https:\/\/magazin.ikk-suedwest.de\/september-2024\/wp-json\/wp\/v2\/pages\/3374\/revisions\/7951"}],"wp:attachment":[{"href":"https:\/\/magazin.ikk-suedwest.de\/september-2024\/wp-json\/wp\/v2\/media?parent=3374"}],"curies":[{"name":"wp","href":"https:\/\/api.w.org\/{rel}","templated":true}]}}