{"id":207,"date":"2016-10-12T18:04:37","date_gmt":"2016-10-12T18:04:37","guid":{"rendered":"http:\/\/demo.mekshq.com\/voice\/?page_id=207"},"modified":"2025-09-02T08:47:04","modified_gmt":"2025-09-02T06:47:04","slug":"home","status":"publish","type":"page","link":"https:\/\/magazin.ikk-suedwest.de\/september-2025\/","title":{"rendered":"IKK Online-Magazin"},"content":{"rendered":"\n<h2 class=\"wp-block-heading has-text-color\" id=\"ausgabe-september-2022\" style=\"color:#009fe3\">Ausgabe September 2025<\/h2>\n\n\n\n<div class=\"wp-block-columns is-layout-flex wp-container-core-columns-is-layout-8f761849 wp-block-columns-is-layout-flex\">\n<div class=\"wp-block-column is-layout-flow wp-block-column-is-layout-flow\" style=\"flex-basis:33.33%\">\n<figure class=\"wp-block-image size-full\"><img loading=\"lazy\" decoding=\"async\" width=\"870\" height=\"886\" src=\"https:\/\/magazin.ikk-suedwest.de\/januar-2025\/wp-content\/uploads\/sites\/13\/2024\/09\/ikk_vorstand_editorial_magazine_886x870px.jpg\" alt=\"\" class=\"wp-image-7931\" srcset=\"https:\/\/magazin.ikk-suedwest.de\/september-2025\/wp-content\/uploads\/sites\/15\/2024\/09\/ikk_vorstand_editorial_magazine_886x870px.jpg 870w, https:\/\/magazin.ikk-suedwest.de\/september-2025\/wp-content\/uploads\/sites\/15\/2024\/09\/ikk_vorstand_editorial_magazine_886x870px-295x300.jpg 295w, https:\/\/magazin.ikk-suedwest.de\/september-2025\/wp-content\/uploads\/sites\/15\/2024\/09\/ikk_vorstand_editorial_magazine_886x870px-768x782.jpg 768w, https:\/\/magazin.ikk-suedwest.de\/september-2025\/wp-content\/uploads\/sites\/15\/2024\/09\/ikk_vorstand_editorial_magazine_886x870px-370x377.jpg 370w, https:\/\/magazin.ikk-suedwest.de\/september-2025\/wp-content\/uploads\/sites\/15\/2024\/09\/ikk_vorstand_editorial_magazine_886x870px-270x275.jpg 270w, https:\/\/magazin.ikk-suedwest.de\/september-2025\/wp-content\/uploads\/sites\/15\/2024\/09\/ikk_vorstand_editorial_magazine_886x870px-570x580.jpg 570w, https:\/\/magazin.ikk-suedwest.de\/september-2025\/wp-content\/uploads\/sites\/15\/2024\/09\/ikk_vorstand_editorial_magazine_886x870px-491x500.jpg 491w, https:\/\/magazin.ikk-suedwest.de\/september-2025\/wp-content\/uploads\/sites\/15\/2024\/09\/ikk_vorstand_editorial_magazine_886x870px-740x754.jpg 740w\" sizes=\"auto, (max-width: 870px) 100vw, 870px\" \/><\/figure>\n<\/div>\n\n\n\n<div class=\"wp-block-column is-layout-flow wp-block-column-is-layout-flow\" style=\"flex-basis:66.66%\">\n<p class=\"wp-block-paragraph\">Liebe Leserinnen und Leser, <\/p>\n\n\n\n<p class=\"no-ext-link has-gridlove-txt-color has-text-color has-link-color wp-elements-84770dfb4fd3afe1bc502cc0c968d355 wp-block-paragraph\">bei der IKK S\u00fcdwest als Ihrer Krankenkasse f\u00fcr die Region steht Ihre Gesundheit an allererster Stelle. Mit unseren umfangreichen und innovativen Leistungen und Services sind wir Ihr starker Partner rund um das Thema Gesundheit und versorgen Sie mit allen wichtigen Informationen hierzu. Ihr pers\u00f6nlicher Kundenberater steht Ihnen mit Rat und Tat zur Seite, in unseren Kundencentern sind wir gerne f\u00fcr Sie da. So helfen wir Ihnen beim Gesundbleiben und unterst\u00fctzen Sie beim Gesundwerden.<\/p>\n\n\n\n<p class=\"has-gridlove-txt-color has-text-color has-link-color wp-elements-ca89faeb903d153e1a0979cd028d9711 wp-block-paragraph\">Eins der Themen, das uns im Kontakt mit unseren Versicherten seit Jahren begleitet und f\u00fcr das wir uns immer wieder starkmachen, ist die Organspende. \u00dcber ein Dutzend Organspendetage haben wir inzwischen durchgef\u00fchrt und durften dabei viele au\u00dfergew\u00f6hnliche Pers\u00f6nlichkeiten kennenlernen. Eine davon: Tamara Schwab. Ihre Geschichte, die auch die <em><a href=\"https:\/\/magazin.ikk-suedwest.de\/september-2025\/die-aussicht-auf-ein-leben\/\" target=\"_blank\" rel=\"noreferrer noopener\"><mark style=\"background-color:rgba(0, 0, 0, 0)\" class=\"has-inline-color has-gridlove-acc-color\">Geschichte einer Herztransplantation<\/mark><\/a> <\/em>ist, m\u00f6chten wir Ihnen in dieser Ausgabe vorstellen. Und Ihnen ganz besonders ans Herz legen. Denn sie zeigt eindr\u00fccklich, wie wichtig das Thema Organspende ist.<\/p>\n\n\n\n<p class=\"wp-block-paragraph\">Wie immer erwarten Sie viele weitere interessante Artikel in Ihrem Kundenmagazin. Im Interview erkl\u00e4rt <em><a href=\"https:\/\/magazin.ikk-suedwest.de\/september-2025\/mentale-gesundheit-mit-wau-effekt\/\" target=\"_blank\" rel=\"noreferrer noopener\"><mark style=\"background-color:rgba(0, 0, 0, 0)\" class=\"has-inline-color has-gridlove-acc-color\">Hunde-Profi Martin R\u00fctter<\/mark><\/a><\/em>, wie positiv sich Haustiere auf Ihr Wohlbefinden auswirken k\u00f6nnen. Zudem geben wir <em><a href=\"https:\/\/magazin.ikk-suedwest.de\/september-2025\/das-glueck-ist-mit-den-ruestigen\/\" target=\"_blank\" rel=\"noreferrer noopener\"><mark style=\"background-color:rgba(0, 0, 0, 0)\" class=\"has-inline-color has-gridlove-acc-color\">Tipps<\/mark><\/a><\/em>, wie Sie auch im Alter fit wie ein Turnschuh bleiben. Und nicht zuletzt gew\u00e4hrt uns die deutsche Rocklegende <em><a href=\"https:\/\/magazin.ikk-suedwest.de\/september-2025\/mir-wurde-klar-es-musste-sich-etwas-aendern\/\" target=\"_blank\" rel=\"noreferrer noopener\"><mark style=\"background-color:rgba(0, 0, 0, 0)\" class=\"has-inline-color has-gridlove-acc-color\">Peter Maffay<\/mark><\/a><mark style=\"background-color:rgba(0, 0, 0, 0)\" class=\"has-inline-color has-gridlove-acc-color\"> <\/mark><\/em>einen Einblick in einen besonderen Moment seines Lebens, der uns allen vor Augen f\u00fchrt, wie wichtig die eigene Gesundheit wirklich ist.<\/p>\n\n\n\n<p class=\"no-ext-link wp-block-paragraph\">Wir w\u00fcnschen Ihnen viel Spa\u00df beim Lesen.&nbsp;<\/p>\n\n\n\n<p class=\"no-ext-link wp-block-paragraph\">Herzlichst,<br>Prof. Dr. J\u00f6rg Loth und Daniel Schilling<\/p>\n<\/div>\n<\/div>\n\n\n\n<p class=\"wp-block-paragraph\"><\/p>\n","protected":false},"excerpt":{"rendered":"<p>Ausgabe September 2025 Liebe Leserinnen und Leser, bei der IKK S\u00fcdwest als Ihrer Krankenkasse f\u00fcr die Region steht Ihre Gesundheit an allererster Stelle. Mit unseren umfangreichen und innovativen Leistungen und Services sind wir Ihr starker Partner rund um das Thema Gesundheit und versorgen Sie mit allen wichtigen Informationen hierzu. Ihr pers\u00f6nlicher Kundenberater steht Ihnen mit [&hellip;]<\/p>\n","protected":false},"author":1,"featured_media":8393,"parent":0,"menu_order":0,"comment_status":"open","ping_status":"open","template":"template-modules.php","meta":{"_acf_changed":false,"_crdt_document":"","favoriteCount":0,"footnotes":""},"class_list":["post-207","page","type-page","status-publish","has-post-thumbnail","hentry"],"acf":[],"yoast_head":"<!-- This site is optimized with the Yoast SEO plugin v27.4 - https:\/\/yoast.com\/product\/yoast-seo-wordpress\/ -->\n<title>IKK Online-Magazin - September 2025<\/title>\n<meta name=\"robots\" content=\"noindex, follow, max-snippet:-1, max-image-preview:large, max-video-preview:-1\" \/>\n<meta property=\"og:locale\" content=\"de_DE\" \/>\n<meta property=\"og:type\" content=\"article\" \/>\n<meta property=\"og:title\" content=\"IKK Online-Magazin - September 2025\" \/>\n<meta property=\"og:description\" content=\"Ausgabe September 2025 Liebe Leserinnen und Leser, bei der IKK S\u00fcdwest als Ihrer Krankenkasse f\u00fcr die Region steht Ihre Gesundheit an allererster Stelle. Mit unseren umfangreichen und innovativen Leistungen und Services sind wir Ihr starker Partner rund um das Thema Gesundheit und versorgen Sie mit allen wichtigen Informationen hierzu. Ihr pers\u00f6nlicher Kundenberater steht Ihnen mit [&hellip;]\" \/>\n<meta property=\"og:url\" content=\"https:\/\/magazin.ikk-suedwest.de\/september-2025\/\" \/>\n<meta property=\"og:site_name\" content=\"September 2025\" \/>\n<meta property=\"article:modified_time\" content=\"2025-09-02T06:47:04+00:00\" \/>\n<meta property=\"og:image\" content=\"https:\/\/magazin.ikk-suedwest.de\/september-2025\/wp-content\/uploads\/sites\/15\/2025\/02\/ikk_onlinemagazin_titel_2501_1500x768px_rgb_cae.jpg\" \/>\n\t<meta property=\"og:image:width\" content=\"1500\" \/>\n\t<meta property=\"og:image:height\" content=\"768\" \/>\n\t<meta property=\"og:image:type\" content=\"image\/jpeg\" \/>\n<meta name=\"twitter:card\" content=\"summary_large_image\" \/>\n<meta name=\"twitter:label1\" content=\"Gesch\u00e4tzte Lesezeit\" \/>\n\t<meta name=\"twitter:data1\" content=\"2\u00a0Minuten\" \/>\n<script type=\"application\/ld+json\" class=\"yoast-schema-graph\">{\"@context\":\"https:\\\/\\\/schema.org\",\"@graph\":[{\"@type\":\"WebPage\",\"@id\":\"https:\\\/\\\/magazin.ikk-suedwest.de\\\/september-2025\\\/\",\"url\":\"https:\\\/\\\/magazin.ikk-suedwest.de\\\/september-2025\\\/\",\"name\":\"IKK Online-Magazin - September 2025\",\"isPartOf\":{\"@id\":\"https:\\\/\\\/magazin.ikk-suedwest.de\\\/september-2025\\\/#website\"},\"primaryImageOfPage\":{\"@id\":\"https:\\\/\\\/magazin.ikk-suedwest.de\\\/september-2025\\\/#primaryimage\"},\"image\":{\"@id\":\"https:\\\/\\\/magazin.ikk-suedwest.de\\\/september-2025\\\/#primaryimage\"},\"thumbnailUrl\":\"https:\\\/\\\/magazin.ikk-suedwest.de\\\/september-2025\\\/wp-content\\\/uploads\\\/sites\\\/15\\\/2025\\\/02\\\/ikk_onlinemagazin_titel_2501_1500x768px_rgb_cae.jpg\",\"datePublished\":\"2016-10-12T18:04:37+00:00\",\"dateModified\":\"2025-09-02T06:47:04+00:00\",\"breadcrumb\":{\"@id\":\"https:\\\/\\\/magazin.ikk-suedwest.de\\\/september-2025\\\/#breadcrumb\"},\"inLanguage\":\"de\",\"potentialAction\":[{\"@type\":\"ReadAction\",\"target\":[\"https:\\\/\\\/magazin.ikk-suedwest.de\\\/september-2025\\\/\"]}]},{\"@type\":\"ImageObject\",\"inLanguage\":\"de\",\"@id\":\"https:\\\/\\\/magazin.ikk-suedwest.de\\\/september-2025\\\/#primaryimage\",\"url\":\"https:\\\/\\\/magazin.ikk-suedwest.de\\\/september-2025\\\/wp-content\\\/uploads\\\/sites\\\/15\\\/2025\\\/02\\\/ikk_onlinemagazin_titel_2501_1500x768px_rgb_cae.jpg\",\"contentUrl\":\"https:\\\/\\\/magazin.ikk-suedwest.de\\\/september-2025\\\/wp-content\\\/uploads\\\/sites\\\/15\\\/2025\\\/02\\\/ikk_onlinemagazin_titel_2501_1500x768px_rgb_cae.jpg\",\"width\":1500,\"height\":768},{\"@type\":\"BreadcrumbList\",\"@id\":\"https:\\\/\\\/magazin.ikk-suedwest.de\\\/september-2025\\\/#breadcrumb\",\"itemListElement\":[{\"@type\":\"ListItem\",\"position\":1,\"name\":\"Startseite\",\"item\":\"https:\\\/\\\/magazin.ikk-suedwest.de\\\/september-2025\\\/\"},{\"@type\":\"ListItem\",\"position\":2,\"name\":\"IKK Online-Magazin\"}]},{\"@type\":\"WebSite\",\"@id\":\"https:\\\/\\\/magazin.ikk-suedwest.de\\\/september-2025\\\/#website\",\"url\":\"https:\\\/\\\/magazin.ikk-suedwest.de\\\/september-2025\\\/\",\"name\":\"September 2025\",\"description\":\"Eine weitere IKK Magazin Ausgaben Website\",\"potentialAction\":[{\"@type\":\"SearchAction\",\"target\":{\"@type\":\"EntryPoint\",\"urlTemplate\":\"https:\\\/\\\/magazin.ikk-suedwest.de\\\/september-2025\\\/?s={search_term_string}\"},\"query-input\":{\"@type\":\"PropertyValueSpecification\",\"valueRequired\":true,\"valueName\":\"search_term_string\"}}],\"inLanguage\":\"de\"}]}<\/script>\n<!-- \/ Yoast SEO plugin. -->","yoast_head_json":{"title":"IKK Online-Magazin - September 2025","robots":{"index":"noindex","follow":"follow","max-snippet":"max-snippet:-1","max-image-preview":"max-image-preview:large","max-video-preview":"max-video-preview:-1"},"og_locale":"de_DE","og_type":"article","og_title":"IKK Online-Magazin - September 2025","og_description":"Ausgabe September 2025 Liebe Leserinnen und Leser, bei der IKK S\u00fcdwest als Ihrer Krankenkasse f\u00fcr die Region steht Ihre Gesundheit an allererster Stelle. Mit unseren umfangreichen und innovativen Leistungen und Services sind wir Ihr starker Partner rund um das Thema Gesundheit und versorgen Sie mit allen wichtigen Informationen hierzu. Ihr pers\u00f6nlicher Kundenberater steht Ihnen mit [&hellip;]","og_url":"https:\/\/magazin.ikk-suedwest.de\/september-2025\/","og_site_name":"September 2025","article_modified_time":"2025-09-02T06:47:04+00:00","og_image":[{"width":1500,"height":768,"url":"https:\/\/magazin.ikk-suedwest.de\/september-2025\/wp-content\/uploads\/sites\/15\/2025\/02\/ikk_onlinemagazin_titel_2501_1500x768px_rgb_cae.jpg","type":"image\/jpeg"}],"twitter_card":"summary_large_image","twitter_misc":{"Gesch\u00e4tzte Lesezeit":"2\u00a0Minuten"},"schema":{"@context":"https:\/\/schema.org","@graph":[{"@type":"WebPage","@id":"https:\/\/magazin.ikk-suedwest.de\/september-2025\/","url":"https:\/\/magazin.ikk-suedwest.de\/september-2025\/","name":"IKK Online-Magazin - September 2025","isPartOf":{"@id":"https:\/\/magazin.ikk-suedwest.de\/september-2025\/#website"},"primaryImageOfPage":{"@id":"https:\/\/magazin.ikk-suedwest.de\/september-2025\/#primaryimage"},"image":{"@id":"https:\/\/magazin.ikk-suedwest.de\/september-2025\/#primaryimage"},"thumbnailUrl":"https:\/\/magazin.ikk-suedwest.de\/september-2025\/wp-content\/uploads\/sites\/15\/2025\/02\/ikk_onlinemagazin_titel_2501_1500x768px_rgb_cae.jpg","datePublished":"2016-10-12T18:04:37+00:00","dateModified":"2025-09-02T06:47:04+00:00","breadcrumb":{"@id":"https:\/\/magazin.ikk-suedwest.de\/september-2025\/#breadcrumb"},"inLanguage":"de","potentialAction":[{"@type":"ReadAction","target":["https:\/\/magazin.ikk-suedwest.de\/september-2025\/"]}]},{"@type":"ImageObject","inLanguage":"de","@id":"https:\/\/magazin.ikk-suedwest.de\/september-2025\/#primaryimage","url":"https:\/\/magazin.ikk-suedwest.de\/september-2025\/wp-content\/uploads\/sites\/15\/2025\/02\/ikk_onlinemagazin_titel_2501_1500x768px_rgb_cae.jpg","contentUrl":"https:\/\/magazin.ikk-suedwest.de\/september-2025\/wp-content\/uploads\/sites\/15\/2025\/02\/ikk_onlinemagazin_titel_2501_1500x768px_rgb_cae.jpg","width":1500,"height":768},{"@type":"BreadcrumbList","@id":"https:\/\/magazin.ikk-suedwest.de\/september-2025\/#breadcrumb","itemListElement":[{"@type":"ListItem","position":1,"name":"Startseite","item":"https:\/\/magazin.ikk-suedwest.de\/september-2025\/"},{"@type":"ListItem","position":2,"name":"IKK Online-Magazin"}]},{"@type":"WebSite","@id":"https:\/\/magazin.ikk-suedwest.de\/september-2025\/#website","url":"https:\/\/magazin.ikk-suedwest.de\/september-2025\/","name":"September 2025","description":"Eine weitere IKK Magazin Ausgaben Website","potentialAction":[{"@type":"SearchAction","target":{"@type":"EntryPoint","urlTemplate":"https:\/\/magazin.ikk-suedwest.de\/september-2025\/?s={search_term_string}"},"query-input":{"@type":"PropertyValueSpecification","valueRequired":true,"valueName":"search_term_string"}}],"inLanguage":"de"}]}},"_links":{"self":[{"href":"https:\/\/magazin.ikk-suedwest.de\/september-2025\/wp-json\/wp\/v2\/pages\/207","targetHints":{"allow":["GET"]}}],"collection":[{"href":"https:\/\/magazin.ikk-suedwest.de\/september-2025\/wp-json\/wp\/v2\/pages"}],"about":[{"href":"https:\/\/magazin.ikk-suedwest.de\/september-2025\/wp-json\/wp\/v2\/types\/page"}],"author":[{"embeddable":true,"href":"https:\/\/magazin.ikk-suedwest.de\/september-2025\/wp-json\/wp\/v2\/users\/1"}],"replies":[{"embeddable":true,"href":"https:\/\/magazin.ikk-suedwest.de\/september-2025\/wp-json\/wp\/v2\/comments?post=207"}],"version-history":[{"count":10,"href":"https:\/\/magazin.ikk-suedwest.de\/september-2025\/wp-json\/wp\/v2\/pages\/207\/revisions"}],"predecessor-version":[{"id":9075,"href":"https:\/\/magazin.ikk-suedwest.de\/september-2025\/wp-json\/wp\/v2\/pages\/207\/revisions\/9075"}],"wp:featuredmedia":[{"embeddable":true,"href":"https:\/\/magazin.ikk-suedwest.de\/september-2025\/wp-json\/wp\/v2\/media\/8393"}],"wp:attachment":[{"href":"https:\/\/magazin.ikk-suedwest.de\/september-2025\/wp-json\/wp\/v2\/media?parent=207"}],"curies":[{"name":"wp","href":"https:\/\/api.w.org\/{rel}","templated":true}]}}